{"id":2,"date":"2019-12-30T19:31:32","date_gmt":"2019-12-30T19:31:32","guid":{"rendered":"https:\/\/babaji-haus-graz.net\/?page_id=2"},"modified":"2019-12-31T17:13:32","modified_gmt":"2019-12-31T17:13:32","slug":"sample-page","status":"publish","type":"page","link":"https:\/\/babaji-haus-graz.net\/?page_id=2","title":{"rendered":"Trommeln"},"content":{"rendered":"\n<p>Seit Bestehen des Babaji-Hauses \nfinden hier Menschen im Kreis zum Trommeln und Trancetanzen zusammen, \nbei den monatlichen Treffen, f\u00fcr ein verl\u00e4ngertes Wochenende zu Ostern, \nzum Jahreswechsel und an zwei weiteren Wochenenden um die \nSommersonnenwende und um Allerheiligen.<\/p>\n\n\n\n<p>\u201eDie\n Trommel ist ein gro\u00dfes Geschenk. Sie ist direkter Ausdruck unserer \nEnergie. Sie ist der Puls des Lebens, der Herzschlag, der neun Monate \nvor unserer Geburt bereits in uns beginnt. Sie ist der freudige und \nrhythmische Strom der Lebenskraft, der uns in jedem Augenblick unseres \nLebens erh\u00e4lt. Die Trommel ist die direkteste Verbindung zu unserer \neigenen Lebensenergie und zu den Energien der Erde. Sie besitzt magische\n Kr\u00e4fte. Sie ruft und weckt die Bewegung und den Tanz im K\u00f6rper. Sie \nheilt unseren Kummer und unsere Verletzungen und bringt uns wieder in \nEinklang mit dem Kosmos und mit dem G\u00f6ttlichen (spirit). Sie ist die \nUrkraft, die von der Erde aufsteigt, und die wir zum Himmel \nzur\u00fcckschicken. Sie tr\u00e4gt uns \u00fcber die engen Grenzen unseres Selbst \nhinaus, in Ekstase und Trance. Sie ver\u00e4ndert unser Bewu\u00dftsein.\u201c<br>(Tom Ehrlich)<\/p>\n\n\n<p><img data-recalc-dims=\"1\" loading=\"lazy\" decoding=\"async\" class=\"alignnone size-full wp-image-149\" src=\"https:\/\/i0.wp.com\/babaji-haus-graz.net\/wp-content\/uploads\/2019\/12\/trommeln.jpg?resize=292%2C181&#038;ssl=1\" alt=\"\" width=\"292\" height=\"181\"><\/p>\n<p><!--EndFragment--><\/p>","protected":false},"excerpt":{"rendered":"<p>Seit Bestehen des Babaji-Hauses finden hier Menschen im Kreis zum Trommeln und Trancetanzen zusammen, bei den monatlichen Treffen, f\u00fcr ein verl\u00e4ngertes Wochenende zu Ostern, zum Jahreswechsel und an zwei weiteren Wochenenden um die Sommersonnenwende und um Allerheiligen. \u201eDie Trommel ist ein gro\u00dfes Geschenk. Sie ist direkter Ausdruck unserer Energie. Sie ist der Puls des Lebens, [&hellip;]<\/p>\n","protected":false},"author":1,"featured_media":0,"parent":0,"menu_order":0,"comment_status":"closed","ping_status":"open","template":"","meta":{"footnotes":""},"class_list":["post-2","page","type-page","status-publish","hentry"],"yoast_head":"<!-- This site is optimized with the Yoast SEO plugin v26.4 - https:\/\/yoast.com\/wordpress\/plugins\/seo\/ -->\n<title>Trommeln - Babaji Haus Graz<\/title>\n<meta name=\"robots\" content=\"index, follow, max-snippet:-1, max-image-preview:large, max-video-preview:-1\" \/>\n<link rel=\"canonical\" href=\"https:\/\/babaji-haus-graz.net\/?page_id=2\" \/>\n<meta property=\"og:locale\" content=\"de_DE\" \/>\n<meta property=\"og:type\" content=\"article\" \/>\n<meta property=\"og:title\" content=\"Trommeln - Babaji Haus Graz\" \/>\n<meta property=\"og:description\" content=\"Seit Bestehen des Babaji-Hauses finden hier Menschen im Kreis zum Trommeln und Trancetanzen zusammen, bei den monatlichen Treffen, f\u00fcr ein verl\u00e4ngertes Wochenende zu Ostern, zum Jahreswechsel und an zwei weiteren Wochenenden um die Sommersonnenwende und um Allerheiligen. \u201eDie Trommel ist ein gro\u00dfes Geschenk. Sie ist direkter Ausdruck unserer Energie. Sie ist der Puls des Lebens, [&hellip;]\" \/>\n<meta property=\"og:url\" content=\"https:\/\/babaji-haus-graz.net\/?page_id=2\" \/>\n<meta property=\"og:site_name\" content=\"Babaji Haus Graz\" \/>\n<meta property=\"article:modified_time\" content=\"2019-12-31T17:13:32+00:00\" \/>\n<meta property=\"og:image\" content=\"https:\/\/babaji-haus-graz.net\/wp-content\/uploads\/2019\/12\/trommeln.jpg\" \/>\n<meta name=\"twitter:card\" content=\"summary_large_image\" \/>\n<meta name=\"twitter:label1\" content=\"Gesch\u00e4tzte Lesezeit\" \/>\n\t<meta name=\"twitter:data1\" content=\"1\u00a0Minute\" \/>\n<script type=\"application\/ld+json\" class=\"yoast-schema-graph\">{\"@context\":\"https:\/\/schema.org\",\"@graph\":[{\"@type\":\"WebPage\",\"@id\":\"https:\/\/babaji-haus-graz.net\/?page_id=2\",\"url\":\"https:\/\/babaji-haus-graz.net\/?page_id=2\",\"name\":\"Trommeln - Babaji Haus Graz\",\"isPartOf\":{\"@id\":\"https:\/\/babaji-haus-graz.net\/#website\"},\"primaryImageOfPage\":{\"@id\":\"https:\/\/babaji-haus-graz.net\/?page_id=2#primaryimage\"},\"image\":{\"@id\":\"https:\/\/babaji-haus-graz.net\/?page_id=2#primaryimage\"},\"thumbnailUrl\":\"https:\/\/babaji-haus-graz.net\/wp-content\/uploads\/2019\/12\/trommeln.jpg\",\"datePublished\":\"2019-12-30T19:31:32+00:00\",\"dateModified\":\"2019-12-31T17:13:32+00:00\",\"breadcrumb\":{\"@id\":\"https:\/\/babaji-haus-graz.net\/?page_id=2#breadcrumb\"},\"inLanguage\":\"de\",\"potentialAction\":[{\"@type\":\"ReadAction\",\"target\":[\"https:\/\/babaji-haus-graz.net\/?page_id=2\"]}]},{\"@type\":\"ImageObject\",\"inLanguage\":\"de\",\"@id\":\"https:\/\/babaji-haus-graz.net\/?page_id=2#primaryimage\",\"url\":\"https:\/\/i0.wp.com\/babaji-haus-graz.net\/wp-content\/uploads\/2019\/12\/trommeln.jpg?fit=292%2C181&ssl=1\",\"contentUrl\":\"https:\/\/i0.wp.com\/babaji-haus-graz.net\/wp-content\/uploads\/2019\/12\/trommeln.jpg?fit=292%2C181&ssl=1\",\"width\":292,\"height\":181},{\"@type\":\"BreadcrumbList\",\"@id\":\"https:\/\/babaji-haus-graz.net\/?page_id=2#breadcrumb\",\"itemListElement\":[{\"@type\":\"ListItem\",\"position\":1,\"name\":\"Home\",\"item\":\"https:\/\/babaji-haus-graz.net\/\"},{\"@type\":\"ListItem\",\"position\":2,\"name\":\"Trommeln\"}]},{\"@type\":\"WebSite\",\"@id\":\"https:\/\/babaji-haus-graz.net\/#website\",\"url\":\"https:\/\/babaji-haus-graz.net\/\",\"name\":\"Babaji Haus Graz\",\"description\":\"DO WHAT YOU LOVE\",\"potentialAction\":[{\"@type\":\"SearchAction\",\"target\":{\"@type\":\"EntryPoint\",\"urlTemplate\":\"https:\/\/babaji-haus-graz.net\/?s={search_term_string}\"},\"query-input\":{\"@type\":\"PropertyValueSpecification\",\"valueRequired\":true,\"valueName\":\"search_term_string\"}}],\"inLanguage\":\"de\"}]}<\/script>\n<!-- \/ Yoast SEO plugin. -->","yoast_head_json":{"title":"Trommeln - Babaji Haus Graz","robots":{"index":"index","follow":"follow","max-snippet":"max-snippet:-1","max-image-preview":"max-image-preview:large","max-video-preview":"max-video-preview:-1"},"canonical":"https:\/\/babaji-haus-graz.net\/?page_id=2","og_locale":"de_DE","og_type":"article","og_title":"Trommeln - Babaji Haus Graz","og_description":"Seit Bestehen des Babaji-Hauses finden hier Menschen im Kreis zum Trommeln und Trancetanzen zusammen, bei den monatlichen Treffen, f\u00fcr ein verl\u00e4ngertes Wochenende zu Ostern, zum Jahreswechsel und an zwei weiteren Wochenenden um die Sommersonnenwende und um Allerheiligen. \u201eDie Trommel ist ein gro\u00dfes Geschenk. Sie ist direkter Ausdruck unserer Energie. Sie ist der Puls des Lebens, [&hellip;]","og_url":"https:\/\/babaji-haus-graz.net\/?page_id=2","og_site_name":"Babaji Haus Graz","article_modified_time":"2019-12-31T17:13:32+00:00","og_image":[{"url":"https:\/\/babaji-haus-graz.net\/wp-content\/uploads\/2019\/12\/trommeln.jpg","type":"","width":"","height":""}],"twitter_card":"summary_large_image","twitter_misc":{"Gesch\u00e4tzte Lesezeit":"1\u00a0Minute"},"schema":{"@context":"https:\/\/schema.org","@graph":[{"@type":"WebPage","@id":"https:\/\/babaji-haus-graz.net\/?page_id=2","url":"https:\/\/babaji-haus-graz.net\/?page_id=2","name":"Trommeln - Babaji Haus Graz","isPartOf":{"@id":"https:\/\/babaji-haus-graz.net\/#website"},"primaryImageOfPage":{"@id":"https:\/\/babaji-haus-graz.net\/?page_id=2#primaryimage"},"image":{"@id":"https:\/\/babaji-haus-graz.net\/?page_id=2#primaryimage"},"thumbnailUrl":"https:\/\/babaji-haus-graz.net\/wp-content\/uploads\/2019\/12\/trommeln.jpg","datePublished":"2019-12-30T19:31:32+00:00","dateModified":"2019-12-31T17:13:32+00:00","breadcrumb":{"@id":"https:\/\/babaji-haus-graz.net\/?page_id=2#breadcrumb"},"inLanguage":"de","potentialAction":[{"@type":"ReadAction","target":["https:\/\/babaji-haus-graz.net\/?page_id=2"]}]},{"@type":"ImageObject","inLanguage":"de","@id":"https:\/\/babaji-haus-graz.net\/?page_id=2#primaryimage","url":"https:\/\/i0.wp.com\/babaji-haus-graz.net\/wp-content\/uploads\/2019\/12\/trommeln.jpg?fit=292%2C181&ssl=1","contentUrl":"https:\/\/i0.wp.com\/babaji-haus-graz.net\/wp-content\/uploads\/2019\/12\/trommeln.jpg?fit=292%2C181&ssl=1","width":292,"height":181},{"@type":"BreadcrumbList","@id":"https:\/\/babaji-haus-graz.net\/?page_id=2#breadcrumb","itemListElement":[{"@type":"ListItem","position":1,"name":"Home","item":"https:\/\/babaji-haus-graz.net\/"},{"@type":"ListItem","position":2,"name":"Trommeln"}]},{"@type":"WebSite","@id":"https:\/\/babaji-haus-graz.net\/#website","url":"https:\/\/babaji-haus-graz.net\/","name":"Babaji Haus Graz","description":"DO WHAT YOU LOVE","potentialAction":[{"@type":"SearchAction","target":{"@type":"EntryPoint","urlTemplate":"https:\/\/babaji-haus-graz.net\/?s={search_term_string}"},"query-input":{"@type":"PropertyValueSpecification","valueRequired":true,"valueName":"search_term_string"}}],"inLanguage":"de"}]}},"jetpack_sharing_enabled":true,"_links":{"self":[{"href":"https:\/\/babaji-haus-graz.net\/index.php?rest_route=\/wp\/v2\/pages\/2","targetHints":{"allow":["GET"]}}],"collection":[{"href":"https:\/\/babaji-haus-graz.net\/index.php?rest_route=\/wp\/v2\/pages"}],"about":[{"href":"https:\/\/babaji-haus-graz.net\/index.php?rest_route=\/wp\/v2\/types\/page"}],"author":[{"embeddable":true,"href":"https:\/\/babaji-haus-graz.net\/index.php?rest_route=\/wp\/v2\/users\/1"}],"replies":[{"embeddable":true,"href":"https:\/\/babaji-haus-graz.net\/index.php?rest_route=%2Fwp%2Fv2%2Fcomments&post=2"}],"version-history":[{"count":5,"href":"https:\/\/babaji-haus-graz.net\/index.php?rest_route=\/wp\/v2\/pages\/2\/revisions"}],"predecessor-version":[{"id":167,"href":"https:\/\/babaji-haus-graz.net\/index.php?rest_route=\/wp\/v2\/pages\/2\/revisions\/167"}],"wp:attachment":[{"href":"https:\/\/babaji-haus-graz.net\/index.php?rest_route=%2Fwp%2Fv2%2Fmedia&parent=2"}],"curies":[{"name":"wp","href":"https:\/\/api.w.org\/{rel}","templated":true}]}}