{"id":9,"date":"2019-12-30T20:17:25","date_gmt":"2019-12-30T20:17:25","guid":{"rendered":"https:\/\/babaji-haus-graz.net\/?page_id=9"},"modified":"2019-12-31T17:13:13","modified_gmt":"2019-12-31T17:13:13","slug":"babaji","status":"publish","type":"page","link":"https:\/\/babaji-haus-graz.net\/?page_id=9","title":{"rendered":"Babaji"},"content":{"rendered":"<p>\n<!--StartFragment--><\/p>\n\n\n<h3 class=\"has-text-align-center wp-block-heading\">&#8222;DO WHAT YOU LOVE.&nbsp;<br>LIVE WHERE YOU LOVE.&nbsp;<br>PRAY WHERE YOU LOVE.&nbsp;<br>FOLLOW YOUR HEART\u201c&nbsp;<br>&nbsp;<\/h3>\n\n\n\n<h2 class=\"wp-block-heading\">BABAJI&nbsp;<\/h2>\n\n\n\n<p>SRI HERAKHAN BABAJI gilt als eine der gro\u00dfen Manifestationen des G\u00f6ttlichen in menschlicher Form. Seine Sch\u00fcler verehren in ihm eine Verk\u00f6rperung SHIVAS, nach indischer Philosophie die ewige Kraft der Ver\u00e4nderung. Er lehrte von 1970 bis 1984 in seinem Ashram im nordindischen Herakhan am Fu\u00df des Himalayas die zeitlose Botschaft von <strong>WAHRHEIT, EINFACHHEIT <\/strong>und<strong> LIEBE<\/strong> und wies seine Sch\u00fcler an, der Religion ihres Herzens zu folgen. &#8222;<em>Alle Religionen f\u00fchren zum Ziel, deshalb sollten alle Heiligen und Lehrer der entsprechenden Religionen respektiert werden. Folgt ihren Lehren. So wie die Sonne und der Mond oder der Himmel nicht f\u00fcr die Menschen einer Rasse oder Religion bestimmt sind, so sind die Lehren erleuchteter Meister f\u00fcr alle Menschen offen. Steht zu euren Religionen und folgt den uralten Lehren der Weisen.&#8220;&nbsp;<\/em>&nbsp;<\/p>\n\n\n\n<p>Um Selbstlosigkeit und Liebe f\u00fcr alle Lebewesen zu entwickeln fordert Babaji seine Sch\u00fcler auf <strong>KARMA YOGA<\/strong>, (Yoga des Handelns) zu verrichten, sich st\u00e4ndig ihrer Verbindung mit dem G\u00f6ttlichen bewusst zu sein und dazu das Mantra <strong>OM NAMAH SHIVAY<\/strong> oder einen anderen g\u00f6ttlichen Namen zu wiederholen (<strong>JAPA YOGA<\/strong>).&nbsp;<\/p>\n\n\n\n<p><em>\u201eLasst Menschlichkeit in Euch regieren! Verbr\u00fcdert Euch mit allen Menschen der Welt. Seid gl\u00fccklich und gesund und bejaht die Freuden des Lebens. Das H\u00f6chste auf dieser Welt ist Karma-Yoga, Arbeit ohne pers\u00f6nliche Anhaftung. Faulheit macht die Menschen leblos. Verbreitet diese Botschaft in Euren L\u00e4ndern und entz\u00fcndet das Licht der Gerechtigkeit in allen Herzen. Lasst den Samen der LIEBE und MENSCHLICHKEIT in Euch aufgehen und Fr\u00fcchte tragen. Nicht ich bin es, der zu Euch spricht, sondern die Zeit ist es, die durch mich spricht, die Zeit, die mit gro\u00dfer Geschwindigkeit ihren Lauf nimmt. Alle L\u00e4nder haben sich aufgerichtet wie Kobras mit aufgerissenen M\u00e4ulern und warten nur darauf, sich gegenseitig zu verschlingen. Diese kritische Zeit braucht Menschen, die tapfer sind: w\u00e4hrend ihr arbeitet, was immer ihr tut, m\u00fcsst ihr mit Euren Lippen den Namen Gottes ohne Unterlass anrufen\u201c.<\/em>&nbsp;<\/p>\n\n\n\n<p>Um St\u00e4rke zu entwickeln und zu \u00fcben, wies Babaji seine Sch\u00fcler an:&nbsp;<\/p>\n\n\n\n<p>\u201e<em>Lernt, keine Pl\u00e4ne zu machen und phantasiert nicht \u00fcber die Zukunft. <\/em><em>Vergesst<\/em><em> die Vergangenheit und alte Gewohnheiten. Lernt, Euch auf das G\u00d6TTLICHE zu konzentrieren, HIER und JETZT\u201c.&nbsp;<\/em>&nbsp;<\/p>\n\n\n\n<figure class=\"wp-block-gallery columns-3 is-cropped wp-block-gallery-1 is-layout-flex wp-block-gallery-is-layout-flex\"><ul class=\"blocks-gallery-grid\"><li class=\"blocks-gallery-item\"><figure><img data-recalc-dims=\"1\" loading=\"lazy\" decoding=\"async\" width=\"250\" height=\"372\" src=\"https:\/\/i0.wp.com\/babaji-haus-graz.net\/wp-content\/uploads\/2019\/12\/nataraj2.jpg?resize=250%2C372&#038;ssl=1\" alt=\"\" data-id=\"67\" data-full-url=\"https:\/\/babaji-haus-graz.net\/wp-content\/uploads\/2019\/12\/nataraj2.jpg\" data-link=\"https:\/\/babaji-haus-graz.net\/?attachment_id=67\" class=\"wp-image-67\" srcset=\"https:\/\/i0.wp.com\/babaji-haus-graz.net\/wp-content\/uploads\/2019\/12\/nataraj2.jpg?w=250&amp;ssl=1 250w, https:\/\/i0.wp.com\/babaji-haus-graz.net\/wp-content\/uploads\/2019\/12\/nataraj2.jpg?resize=202%2C300&amp;ssl=1 202w\" sizes=\"auto, (max-width: 250px) 100vw, 250px\" \/><\/figure><\/li><li class=\"blocks-gallery-item\"><figure><img data-recalc-dims=\"1\" loading=\"lazy\" decoding=\"async\" width=\"300\" height=\"399\" src=\"https:\/\/i0.wp.com\/babaji-haus-graz.net\/wp-content\/uploads\/2019\/12\/Babaji-nb-2.gif?resize=300%2C399&#038;ssl=1\" alt=\"\" data-id=\"66\" data-full-url=\"https:\/\/babaji-haus-graz.net\/wp-content\/uploads\/2019\/12\/Babaji-nb-2.gif\" data-link=\"https:\/\/babaji-haus-graz.net\/?attachment_id=66\" class=\"wp-image-66\"\/><\/figure><\/li><li class=\"blocks-gallery-item\"><figure><img data-recalc-dims=\"1\" loading=\"lazy\" decoding=\"async\" width=\"300\" height=\"364\" src=\"https:\/\/i0.wp.com\/babaji-haus-graz.net\/wp-content\/uploads\/2019\/12\/Babaji.jpg?resize=300%2C364&#038;ssl=1\" alt=\"\" data-id=\"65\" data-full-url=\"https:\/\/babaji-haus-graz.net\/wp-content\/uploads\/2019\/12\/Babaji.jpg\" data-link=\"https:\/\/babaji-haus-graz.net\/?attachment_id=65\" class=\"wp-image-65\" srcset=\"https:\/\/i0.wp.com\/babaji-haus-graz.net\/wp-content\/uploads\/2019\/12\/Babaji.jpg?w=300&amp;ssl=1 300w, https:\/\/i0.wp.com\/babaji-haus-graz.net\/wp-content\/uploads\/2019\/12\/Babaji.jpg?resize=247%2C300&amp;ssl=1 247w\" sizes=\"auto, (max-width: 300px) 100vw, 300px\" \/><\/figure><\/li><li class=\"blocks-gallery-item\"><figure><img data-recalc-dims=\"1\" loading=\"lazy\" decoding=\"async\" width=\"250\" height=\"348\" src=\"https:\/\/i0.wp.com\/babaji-haus-graz.net\/wp-content\/uploads\/2019\/12\/shiva2.jpg?resize=250%2C348&#038;ssl=1\" alt=\"\" data-id=\"60\" data-full-url=\"https:\/\/babaji-haus-graz.net\/wp-content\/uploads\/2019\/12\/shiva2.jpg\" data-link=\"https:\/\/babaji-haus-graz.net\/?attachment_id=60\" class=\"wp-image-60\" srcset=\"https:\/\/i0.wp.com\/babaji-haus-graz.net\/wp-content\/uploads\/2019\/12\/shiva2.jpg?w=250&amp;ssl=1 250w, https:\/\/i0.wp.com\/babaji-haus-graz.net\/wp-content\/uploads\/2019\/12\/shiva2.jpg?resize=216%2C300&amp;ssl=1 216w\" sizes=\"auto, (max-width: 250px) 100vw, 250px\" \/><\/figure><\/li><\/ul><\/figure>\n\n\n<p><!--EndFragment--><\/p>","protected":false},"excerpt":{"rendered":"<p>&#8222;DO WHAT YOU LOVE.&nbsp;LIVE WHERE YOU LOVE.&nbsp;PRAY WHERE YOU LOVE.&nbsp;FOLLOW YOUR HEART\u201c&nbsp;&nbsp; BABAJI&nbsp; SRI HERAKHAN BABAJI gilt als eine der gro\u00dfen Manifestationen des G\u00f6ttlichen in menschlicher Form. Seine Sch\u00fcler verehren in ihm eine Verk\u00f6rperung SHIVAS, nach indischer Philosophie die ewige Kraft der Ver\u00e4nderung. Er lehrte von 1970 bis 1984 in seinem Ashram im nordindischen Herakhan [&hellip;]<\/p>\n","protected":false},"author":1,"featured_media":0,"parent":0,"menu_order":0,"comment_status":"closed","ping_status":"closed","template":"","meta":{"footnotes":""},"class_list":["post-9","page","type-page","status-publish","hentry"],"yoast_head":"<!-- This site is optimized with the Yoast SEO plugin v26.4 - https:\/\/yoast.com\/wordpress\/plugins\/seo\/ -->\n<title>SRI HERAKHAN BABAJI Information - Babaji Haus Graz<\/title>\n<meta name=\"description\" content=\"SRI HERAKHAN BABAJI gilt als eine der gro\u00dfen Manifestationen des G\u00f6ttlichen in menschlicher Form. Er lehrte von 1970 bis 1984 in seinem Ashram in Indien.\" \/>\n<meta name=\"robots\" content=\"index, follow, max-snippet:-1, max-image-preview:large, max-video-preview:-1\" \/>\n<link rel=\"canonical\" href=\"https:\/\/babaji-haus-graz.net\/?page_id=9\" \/>\n<meta property=\"og:locale\" content=\"de_DE\" \/>\n<meta property=\"og:type\" content=\"article\" \/>\n<meta property=\"og:title\" content=\"SRI HERAKHAN BABAJI Information - Babaji Haus Graz\" \/>\n<meta property=\"og:description\" content=\"SRI HERAKHAN BABAJI gilt als eine der gro\u00dfen Manifestationen des G\u00f6ttlichen in menschlicher Form. Er lehrte von 1970 bis 1984 in seinem Ashram in Indien.\" \/>\n<meta property=\"og:url\" content=\"https:\/\/babaji-haus-graz.net\/?page_id=9\" \/>\n<meta property=\"og:site_name\" content=\"Babaji Haus Graz\" \/>\n<meta property=\"article:modified_time\" content=\"2019-12-31T17:13:13+00:00\" \/>\n<meta property=\"og:image\" content=\"https:\/\/babaji-haus-graz.net\/wp-content\/uploads\/2019\/12\/nataraj2.jpg\" \/>\n<meta name=\"twitter:card\" content=\"summary_large_image\" \/>\n<meta name=\"twitter:label1\" content=\"Gesch\u00e4tzte Lesezeit\" \/>\n\t<meta name=\"twitter:data1\" content=\"2\u00a0Minuten\" \/>\n<script type=\"application\/ld+json\" class=\"yoast-schema-graph\">{\"@context\":\"https:\/\/schema.org\",\"@graph\":[{\"@type\":[\"WebPage\",\"CollectionPage\"],\"@id\":\"https:\/\/babaji-haus-graz.net\/?page_id=9\",\"url\":\"https:\/\/babaji-haus-graz.net\/?page_id=9\",\"name\":\"SRI HERAKHAN BABAJI Information - Babaji Haus Graz\",\"isPartOf\":{\"@id\":\"https:\/\/babaji-haus-graz.net\/#website\"},\"primaryImageOfPage\":{\"@id\":\"https:\/\/babaji-haus-graz.net\/?page_id=9#primaryimage\"},\"image\":{\"@id\":\"https:\/\/babaji-haus-graz.net\/?page_id=9#primaryimage\"},\"thumbnailUrl\":\"https:\/\/babaji-haus-graz.net\/wp-content\/uploads\/2019\/12\/nataraj2.jpg\",\"datePublished\":\"2019-12-30T20:17:25+00:00\",\"dateModified\":\"2019-12-31T17:13:13+00:00\",\"description\":\"SRI HERAKHAN BABAJI gilt als eine der gro\u00dfen Manifestationen des G\u00f6ttlichen in menschlicher Form. Er lehrte von 1970 bis 1984 in seinem Ashram in Indien.\",\"breadcrumb\":{\"@id\":\"https:\/\/babaji-haus-graz.net\/?page_id=9#breadcrumb\"},\"inLanguage\":\"de\"},{\"@type\":\"ImageObject\",\"inLanguage\":\"de\",\"@id\":\"https:\/\/babaji-haus-graz.net\/?page_id=9#primaryimage\",\"url\":\"https:\/\/i0.wp.com\/babaji-haus-graz.net\/wp-content\/uploads\/2019\/12\/nataraj2.jpg?fit=250%2C372&ssl=1\",\"contentUrl\":\"https:\/\/i0.wp.com\/babaji-haus-graz.net\/wp-content\/uploads\/2019\/12\/nataraj2.jpg?fit=250%2C372&ssl=1\",\"width\":250,\"height\":372},{\"@type\":\"BreadcrumbList\",\"@id\":\"https:\/\/babaji-haus-graz.net\/?page_id=9#breadcrumb\",\"itemListElement\":[{\"@type\":\"ListItem\",\"position\":1,\"name\":\"Home\",\"item\":\"https:\/\/babaji-haus-graz.net\/\"},{\"@type\":\"ListItem\",\"position\":2,\"name\":\"Babaji\"}]},{\"@type\":\"WebSite\",\"@id\":\"https:\/\/babaji-haus-graz.net\/#website\",\"url\":\"https:\/\/babaji-haus-graz.net\/\",\"name\":\"Babaji Haus Graz\",\"description\":\"DO WHAT YOU LOVE\",\"potentialAction\":[{\"@type\":\"SearchAction\",\"target\":{\"@type\":\"EntryPoint\",\"urlTemplate\":\"https:\/\/babaji-haus-graz.net\/?s={search_term_string}\"},\"query-input\":{\"@type\":\"PropertyValueSpecification\",\"valueRequired\":true,\"valueName\":\"search_term_string\"}}],\"inLanguage\":\"de\"}]}<\/script>\n<!-- \/ Yoast SEO plugin. -->","yoast_head_json":{"title":"SRI HERAKHAN BABAJI Information - Babaji Haus Graz","description":"SRI HERAKHAN BABAJI gilt als eine der gro\u00dfen Manifestationen des G\u00f6ttlichen in menschlicher Form. Er lehrte von 1970 bis 1984 in seinem Ashram in Indien.","robots":{"index":"index","follow":"follow","max-snippet":"max-snippet:-1","max-image-preview":"max-image-preview:large","max-video-preview":"max-video-preview:-1"},"canonical":"https:\/\/babaji-haus-graz.net\/?page_id=9","og_locale":"de_DE","og_type":"article","og_title":"SRI HERAKHAN BABAJI Information - Babaji Haus Graz","og_description":"SRI HERAKHAN BABAJI gilt als eine der gro\u00dfen Manifestationen des G\u00f6ttlichen in menschlicher Form. Er lehrte von 1970 bis 1984 in seinem Ashram in Indien.","og_url":"https:\/\/babaji-haus-graz.net\/?page_id=9","og_site_name":"Babaji Haus Graz","article_modified_time":"2019-12-31T17:13:13+00:00","og_image":[{"url":"https:\/\/babaji-haus-graz.net\/wp-content\/uploads\/2019\/12\/nataraj2.jpg","type":"","width":"","height":""}],"twitter_card":"summary_large_image","twitter_misc":{"Gesch\u00e4tzte Lesezeit":"2\u00a0Minuten"},"schema":{"@context":"https:\/\/schema.org","@graph":[{"@type":["WebPage","CollectionPage"],"@id":"https:\/\/babaji-haus-graz.net\/?page_id=9","url":"https:\/\/babaji-haus-graz.net\/?page_id=9","name":"SRI HERAKHAN BABAJI Information - Babaji Haus Graz","isPartOf":{"@id":"https:\/\/babaji-haus-graz.net\/#website"},"primaryImageOfPage":{"@id":"https:\/\/babaji-haus-graz.net\/?page_id=9#primaryimage"},"image":{"@id":"https:\/\/babaji-haus-graz.net\/?page_id=9#primaryimage"},"thumbnailUrl":"https:\/\/babaji-haus-graz.net\/wp-content\/uploads\/2019\/12\/nataraj2.jpg","datePublished":"2019-12-30T20:17:25+00:00","dateModified":"2019-12-31T17:13:13+00:00","description":"SRI HERAKHAN BABAJI gilt als eine der gro\u00dfen Manifestationen des G\u00f6ttlichen in menschlicher Form. Er lehrte von 1970 bis 1984 in seinem Ashram in Indien.","breadcrumb":{"@id":"https:\/\/babaji-haus-graz.net\/?page_id=9#breadcrumb"},"inLanguage":"de"},{"@type":"ImageObject","inLanguage":"de","@id":"https:\/\/babaji-haus-graz.net\/?page_id=9#primaryimage","url":"https:\/\/i0.wp.com\/babaji-haus-graz.net\/wp-content\/uploads\/2019\/12\/nataraj2.jpg?fit=250%2C372&ssl=1","contentUrl":"https:\/\/i0.wp.com\/babaji-haus-graz.net\/wp-content\/uploads\/2019\/12\/nataraj2.jpg?fit=250%2C372&ssl=1","width":250,"height":372},{"@type":"BreadcrumbList","@id":"https:\/\/babaji-haus-graz.net\/?page_id=9#breadcrumb","itemListElement":[{"@type":"ListItem","position":1,"name":"Home","item":"https:\/\/babaji-haus-graz.net\/"},{"@type":"ListItem","position":2,"name":"Babaji"}]},{"@type":"WebSite","@id":"https:\/\/babaji-haus-graz.net\/#website","url":"https:\/\/babaji-haus-graz.net\/","name":"Babaji Haus Graz","description":"DO WHAT YOU LOVE","potentialAction":[{"@type":"SearchAction","target":{"@type":"EntryPoint","urlTemplate":"https:\/\/babaji-haus-graz.net\/?s={search_term_string}"},"query-input":{"@type":"PropertyValueSpecification","valueRequired":true,"valueName":"search_term_string"}}],"inLanguage":"de"}]}},"jetpack_sharing_enabled":true,"_links":{"self":[{"href":"https:\/\/babaji-haus-graz.net\/index.php?rest_route=\/wp\/v2\/pages\/9","targetHints":{"allow":["GET"]}}],"collection":[{"href":"https:\/\/babaji-haus-graz.net\/index.php?rest_route=\/wp\/v2\/pages"}],"about":[{"href":"https:\/\/babaji-haus-graz.net\/index.php?rest_route=\/wp\/v2\/types\/page"}],"author":[{"embeddable":true,"href":"https:\/\/babaji-haus-graz.net\/index.php?rest_route=\/wp\/v2\/users\/1"}],"replies":[{"embeddable":true,"href":"https:\/\/babaji-haus-graz.net\/index.php?rest_route=%2Fwp%2Fv2%2Fcomments&post=9"}],"version-history":[{"count":5,"href":"https:\/\/babaji-haus-graz.net\/index.php?rest_route=\/wp\/v2\/pages\/9\/revisions"}],"predecessor-version":[{"id":191,"href":"https:\/\/babaji-haus-graz.net\/index.php?rest_route=\/wp\/v2\/pages\/9\/revisions\/191"}],"wp:attachment":[{"href":"https:\/\/babaji-haus-graz.net\/index.php?rest_route=%2Fwp%2Fv2%2Fmedia&parent=9"}],"curies":[{"name":"wp","href":"https:\/\/api.w.org\/{rel}","templated":true}]}}